{"id":5060,"date":"2025-09-12T12:44:55","date_gmt":"2025-09-12T12:44:55","guid":{"rendered":"https:\/\/ortika.cz\/?page_id=5060"},"modified":"2026-04-08T05:29:25","modified_gmt":"2026-04-08T05:29:25","slug":"kariera","status":"publish","type":"page","link":"https:\/\/ortika.cz\/en\/kariera\/","title":{"rendered":"Kari\u00e9ra"},"content":{"rendered":"<p><strong>PRACOVN\u00cdK\/CE LOGISTIKY <\/strong><\/p>\n<p>PO\u017dADAVKY:<\/p>\n<ul>\n<li>S\u0160 vzd\u011bl\u00e1n\u00ed<\/li>\n<li>znalost anglick\u00e9ho jazyka v\u00fdhodou<\/li>\n<li>\u0158idi\u010dsk\u00fd pr\u016fkaz skupiny B<\/li>\n<li>komunikativnost, zodpov\u011bdnost, samostatnost a zdrav\u00e9 sebev\u011bdom\u00ed<\/li>\n<li>znalost pr\u00e1ce na\u00a0PC (MS Office, Excel)<\/li>\n<li>z\u00e1jem o osobn\u00ed rozvoj a chu\u0165 pracovat<\/li>\n<\/ul>\n<p>&nbsp;<\/p>\n<p>N\u00c1PL\u0147 PR\u00c1CE:<\/p>\n<ul>\n<li>Aktivn\u00ed komunikace se z\u00e1kazn\u00edky (osobn\u011b, telefonicky, e-mailem)<\/li>\n<li>Zpracov\u00e1n\u00ed logistick\u00fdch dat<\/li>\n<li>\u0158e\u0161en\u00ed probl\u00e9m\u016f a nesrovnalost\u00ed spojen\u00fdch s\u00a0nasklad\u0148ov\u00e1n\u00edm \u010di vysklad\u0148ov\u00e1n\u00edm<\/li>\n<li>Komunikace s\u00a0odd\u011blen\u00edm n\u00e1kupu, z\u00e1kaznick\u00e9ho odd\u011blen\u00ed<\/li>\n<li>Ka\u017edodenn\u00ed pr\u00e1ce s firemn\u00edm syst\u00e9mem<\/li>\n<li>Ka\u017edodenn\u00ed pr\u00e1ce s Microsoft Excel<\/li>\n<li>Zpracov\u00e1n\u00ed a p\u0159ed\u00e1v\u00e1n\u00ed informac\u00ed, komunikace nap\u0159\u00ed\u010d firmou<\/li>\n<\/ul>\n<p>&nbsp;<\/p>\n<p>NAB\u00cdZ\u00cdME:<\/p>\n<ul>\n<li>odpov\u00eddaj\u00edc\u00ed finan\u010dn\u00ed ohodnocen\u00ed<\/li>\n<li>n\u00e1stupn\u00ed mzda dle znalost\u00ed, zku\u0161enost\u00ed od 23\u00a0000 K\u010d + variabiln\u00ed slo\u017eka mzdy do v\u00fd\u0161e 20%<\/li>\n<li>5 t\u00fddn\u016f dovolen\u00e9<\/li>\n<li>slu\u017eebn\u00ed \u00a0telefon \/ notebook<\/li>\n<li>stravov\u00e1n\u00ed v\u00a0are\u00e1lu spole\u010dnosti (p\u0159\u00edsp\u011bvek zam\u011bstnavatele na stravu)<\/li>\n<li>mo\u017enost bezplatn\u00e9ho vyu\u017eit\u00ed rekrea\u010dn\u00edho are\u00e1lu Han\u00e1<\/li>\n<li>p\u0159\u00edsp\u011bvek na penzijn\u00ed p\u0159ipoji\u0161t\u011bn\u00ed<\/li>\n<li>plat dle hospod\u00e1\u0159sk\u00e9ho v\u00fdsledku firmy<\/li>\n<li>z\u00e1zem\u00ed stabiln\u00ed spole\u010dnosti<\/li>\n<\/ul>\n<p>&nbsp;<\/p>\n<p>BLI\u017d\u0160\u00cd INFORMACE:<\/p>\n<p>Zuzana Slav\u00edkov\u00e1, person\u00e1ln\u00ed referent<\/p>\n<ul>\n<li>Tel: \u00a0\u00a0\u00a0\u00a0\u00a0 573 592 578<\/li>\n<li>Mobil: \u00a0 777\u00a0769 486<\/li>\n<li>E-mail: slavikova@magneton.cz<\/li>\n<\/ul>\n<p>&nbsp;<\/p>\n<p><strong>OBCHODN\u00cd Z\u00c1STUPCE <\/strong><\/p>\n<p>PO\u017dADAVKY:<\/p>\n<ul>\n<li>S\u0160 vzd\u011bl\u00e1n\u00ed<\/li>\n<li>zku\u0161enost s\u00a0pozic\u00ed obchodn\u00edho z\u00e1stupce v\u00fdhodou<\/li>\n<li>schopnost proaktivn\u011b vyhled\u00e1vat a identifikovat obchodn\u00ed p\u0159\u00edle\u017eitosti<\/li>\n<li>schopnost aktivn\u011b a efektivn\u011b komunikovat se z\u00e1kazn\u00edky<\/li>\n<li>komunikativnost, zodpov\u011bdnost, samostatnost a zdrav\u00e9 sebev\u011bdom\u00ed<\/li>\n<li>znalost pr\u00e1ce na\u00a0PC (MS Office, Excel)<\/li>\n<li>z\u00e1jem o osobn\u00ed rozvoj a chu\u0165 pracovat<\/li>\n<li>\u0158idi\u010dsk\u00fd pr\u016fkaz skupiny B<\/li>\n<\/ul>\n<p>&nbsp;<\/p>\n<p>N\u00c1PL\u0147 PR\u00c1CE:<\/p>\n<ul>\n<li>prodej v\u00fdrobk\u016f, zbo\u017e\u00ed a slu\u017eeb spole\u010dnostem a organizac\u00edm<\/li>\n<li>prezentace nab\u00edzen\u00fdch v\u00fdrobk\u016f a podpora prodeje<\/li>\n<li>anal\u00fdza a segmentace trhu<\/li>\n<li>veden\u00ed evidence a obchodn\u00ed dokumentace<\/li>\n<li>p\u00e9\u010de o st\u00e1vaj\u00edc\u00ed z\u00e1kazn\u00edky a aktivn\u00ed hled\u00e1n\u00ed nov\u00fdch z\u00e1kazn\u00edk\u016f<\/li>\n<li>aktivn\u00ed komunikace s\u00a0nov\u00fdmi i st\u00e1vaj\u00edc\u00edmi z\u00e1kazn\u00edky (osobn\u011b, telefonicky, e-mailem)<\/li>\n<li>poskytov\u00e1n\u00ed poradenstv\u00ed a informac\u00ed z\u00e1kazn\u00edk\u016fm<\/li>\n<li>budov\u00e1n\u00ed dlouhodob\u00fdch obchodn\u00edch vztah\u016f se z\u00e1kazn\u00edky<\/li>\n<li>Zpracov\u00e1n\u00ed a p\u0159ed\u00e1v\u00e1n\u00ed informac\u00ed, komunikace nap\u0159\u00ed\u010d firmou<\/li>\n<\/ul>\n<p>&nbsp;<\/p>\n<p>NAB\u00cdZ\u00cdME:<\/p>\n<ul>\n<li>odpov\u00eddaj\u00edc\u00ed finan\u010dn\u00ed ohodnocen\u00ed<\/li>\n<li>n\u00e1stupn\u00ed mzda dle znalost\u00ed, zku\u0161enost\u00ed od 50 000 K\u010d + variabiln\u00ed slo\u017eka mzdy do v\u00fd\u0161e 20%<\/li>\n<li>bonus za realizaci obchodu<\/li>\n<li>5 t\u00fddn\u016f dovolen\u00e9<\/li>\n<li>slu\u017eebn\u00ed \u00a0telefon \/ notebook \/ automobil<\/li>\n<li>stravov\u00e1n\u00ed v\u00a0are\u00e1lu spole\u010dnosti (p\u0159\u00edsp\u011bvek zam\u011bstnavatele na stravu)<\/li>\n<li>mo\u017enost bezplatn\u00e9ho vyu\u017eit\u00ed rekrea\u010dn\u00edho are\u00e1lu Han\u00e1<\/li>\n<li>p\u0159\u00edsp\u011bvek na penzijn\u00ed p\u0159ipoji\u0161t\u011bn\u00ed<\/li>\n<li>plat dle hospod\u00e1\u0159sk\u00e9ho v\u00fdsledku firmy<\/li>\n<li>z\u00e1zem\u00ed stabiln\u00ed spole\u010dnosti<\/li>\n<li>prostor pro vlastn\u00ed inovaci a n\u00e1pady<\/li>\n<\/ul>\n<p>&nbsp;<\/p>\n<p>BLI\u017d\u0160\u00cd INFORMACE:<\/p>\n<p>Zuzana Slav\u00edkov\u00e1, person\u00e1ln\u00ed referent<\/p>\n<ul>\n<li>Tel:\u00a0 \u00a0 \u00a0 \u00a0 573 592 578<\/li>\n<li>Mobil: \u00a0 777\u00a0769 486<\/li>\n<li>E-mail: slavikova@magneton.cz<\/li>\n<\/ul>","protected":false},"excerpt":{"rendered":"<p>PRACOVN\u00cdK\/CE LOGISTIKY PO\u017dADAVKY: S\u0160 vzd\u011bl\u00e1n\u00ed znalost anglick\u00e9ho jazyka v\u00fdhodou \u0158idi\u010dsk\u00fd pr\u016fkaz skupiny B komunikativnost, zodpov\u011bdnost, samostatnost a zdrav\u00e9 sebev\u011bdom\u00ed znalost pr\u00e1ce na\u00a0PC (MS Office, Excel) z\u00e1jem o osobn\u00ed rozvoj a chu\u0165 pracovat &nbsp; N\u00c1PL\u0147 PR\u00c1CE: Aktivn\u00ed komunikace se z\u00e1kazn\u00edky (osobn\u011b, telefonicky, e-mailem) Zpracov\u00e1n\u00ed logistick\u00fdch dat \u0158e\u0161en\u00ed probl\u00e9m\u016f a nesrovnalost\u00ed spojen\u00fdch s\u00a0nasklad\u0148ov\u00e1n\u00edm \u010di vysklad\u0148ov\u00e1n\u00edm Komunikace s\u00a0odd\u011blen\u00edm n\u00e1kupu, z\u00e1kaznick\u00e9ho odd\u011blen\u00ed Ka\u017edodenn\u00ed pr\u00e1ce s firemn\u00edm syst\u00e9mem Ka\u017edodenn\u00ed pr\u00e1ce s Microsoft Excel Zpracov\u00e1n\u00ed a p\u0159ed\u00e1v\u00e1n\u00ed informac\u00ed, komunikace nap\u0159\u00ed\u010d firmou &nbsp; NAB\u00cdZ\u00cdME: odpov\u00eddaj\u00edc\u00ed finan\u010dn\u00ed ohodnocen\u00ed n\u00e1stupn\u00ed mzda dle znalost\u00ed, zku\u0161enost\u00ed od 23\u00a0000 K\u010d + variabiln\u00ed slo\u017eka mzdy do v\u00fd\u0161e 20% 5 t\u00fddn\u016f dovolen\u00e9 slu\u017eebn\u00ed \u00a0telefon \/ notebook stravov\u00e1n\u00ed v\u00a0are\u00e1lu spole\u010dnosti (p\u0159\u00edsp\u011bvek zam\u011bstnavatele na stravu) mo\u017enost bezplatn\u00e9ho vyu\u017eit\u00ed rekrea\u010dn\u00edho are\u00e1lu Han\u00e1 p\u0159\u00edsp\u011bvek na penzijn\u00ed p\u0159ipoji\u0161t\u011bn\u00ed plat dle hospod\u00e1\u0159sk\u00e9ho v\u00fdsledku firmy z\u00e1zem\u00ed stabiln\u00ed spole\u010dnosti &nbsp; BLI\u017d\u0160\u00cd INFORMACE: Zuzana Slav\u00edkov\u00e1, person\u00e1ln\u00ed referent Tel: \u00a0\u00a0\u00a0\u00a0\u00a0 573 592 578 Mobil: \u00a0 777\u00a0769 486 E-mail: slavikova@magneton.cz &nbsp; OBCHODN\u00cd Z\u00c1STUPCE PO\u017dADAVKY: S\u0160 vzd\u011bl\u00e1n\u00ed zku\u0161enost s\u00a0pozic\u00ed obchodn\u00edho z\u00e1stupce v\u00fdhodou schopnost proaktivn\u011b vyhled\u00e1vat a identifikovat obchodn\u00ed p\u0159\u00edle\u017eitosti schopnost aktivn\u011b a efektivn\u011b komunikovat se z\u00e1kazn\u00edky komunikativnost, zodpov\u011bdnost, samostatnost a zdrav\u00e9 sebev\u011bdom\u00ed znalost pr\u00e1ce na\u00a0PC (MS Office, Excel) z\u00e1jem o osobn\u00ed rozvoj a chu\u0165 pracovat \u0158idi\u010dsk\u00fd pr\u016fkaz skupiny B &nbsp; N\u00c1PL\u0147 PR\u00c1CE: prodej v\u00fdrobk\u016f, zbo\u017e\u00ed a slu\u017eeb spole\u010dnostem a organizac\u00edm prezentace nab\u00edzen\u00fdch v\u00fdrobk\u016f a podpora prodeje anal\u00fdza a segmentace trhu veden\u00ed evidence a obchodn\u00ed dokumentace p\u00e9\u010de o st\u00e1vaj\u00edc\u00ed z\u00e1kazn\u00edky a aktivn\u00ed hled\u00e1n\u00ed nov\u00fdch z\u00e1kazn\u00edk\u016f aktivn\u00ed komunikace s\u00a0nov\u00fdmi i st\u00e1vaj\u00edc\u00edmi z\u00e1kazn\u00edky (osobn\u011b, telefonicky, e-mailem) poskytov\u00e1n\u00ed poradenstv\u00ed a informac\u00ed z\u00e1kazn\u00edk\u016fm budov\u00e1n\u00ed dlouhodob\u00fdch obchodn\u00edch vztah\u016f se z\u00e1kazn\u00edky Zpracov\u00e1n\u00ed a p\u0159ed\u00e1v\u00e1n\u00ed informac\u00ed, komunikace nap\u0159\u00ed\u010d firmou &nbsp; NAB\u00cdZ\u00cdME: odpov\u00eddaj\u00edc\u00ed finan\u010dn\u00ed ohodnocen\u00ed n\u00e1stupn\u00ed mzda dle znalost\u00ed, zku\u0161enost\u00ed od 50 000 K\u010d + variabiln\u00ed slo\u017eka mzdy do v\u00fd\u0161e 20% bonus za realizaci obchodu 5 t\u00fddn\u016f dovolen\u00e9 slu\u017eebn\u00ed \u00a0telefon \/ notebook \/ automobil stravov\u00e1n\u00ed v\u00a0are\u00e1lu spole\u010dnosti (p\u0159\u00edsp\u011bvek zam\u011bstnavatele na stravu) mo\u017enost bezplatn\u00e9ho vyu\u017eit\u00ed rekrea\u010dn\u00edho are\u00e1lu Han\u00e1 p\u0159\u00edsp\u011bvek na penzijn\u00ed p\u0159ipoji\u0161t\u011bn\u00ed plat dle hospod\u00e1\u0159sk\u00e9ho v\u00fdsledku firmy z\u00e1zem\u00ed stabiln\u00ed spole\u010dnosti prostor pro vlastn\u00ed inovaci a n\u00e1pady &nbsp; BLI\u017d\u0160\u00cd INFORMACE: Zuzana Slav\u00edkov\u00e1, person\u00e1ln\u00ed referent Tel:\u00a0 \u00a0 \u00a0 \u00a0 573 592 578 Mobil: \u00a0 777\u00a0769 486 E-mail: slavikova@magneton.cz<\/p>","protected":false},"author":2,"featured_media":0,"parent":0,"menu_order":0,"comment_status":"closed","ping_status":"closed","template":"","meta":{"footnotes":"","_links_to":"","_links_to_target":""},"class_list":["post-5060","page","type-page","status-publish","hentry","cms-no-post-thumbnail"],"_links":{"self":[{"href":"https:\/\/ortika.cz\/en\/wp-json\/wp\/v2\/pages\/5060","targetHints":{"allow":["GET"]}}],"collection":[{"href":"https:\/\/ortika.cz\/en\/wp-json\/wp\/v2\/pages"}],"about":[{"href":"https:\/\/ortika.cz\/en\/wp-json\/wp\/v2\/types\/page"}],"author":[{"embeddable":true,"href":"https:\/\/ortika.cz\/en\/wp-json\/wp\/v2\/users\/2"}],"replies":[{"embeddable":true,"href":"https:\/\/ortika.cz\/en\/wp-json\/wp\/v2\/comments?post=5060"}],"version-history":[{"count":2,"href":"https:\/\/ortika.cz\/en\/wp-json\/wp\/v2\/pages\/5060\/revisions"}],"predecessor-version":[{"id":5069,"href":"https:\/\/ortika.cz\/en\/wp-json\/wp\/v2\/pages\/5060\/revisions\/5069"}],"wp:attachment":[{"href":"https:\/\/ortika.cz\/en\/wp-json\/wp\/v2\/media?parent=5060"}],"curies":[{"name":"wp","href":"https:\/\/api.w.org\/{rel}","templated":true}]}}